{"id":92,"date":"2018-09-10T14:53:25","date_gmt":"2018-09-10T12:53:25","guid":{"rendered":"http:\/\/2018.substanz-os.de\/?page_id=92"},"modified":"2019-08-22T12:56:02","modified_gmt":"2019-08-22T10:56:02","slug":"plenum-und-politplenum","status":"publish","type":"page","link":"https:\/\/www.substanz-os.de\/?page_id=92","title":{"rendered":"Das (Haus-)Plenum"},"content":{"rendered":"\n<p>Das SubstAnZ organisiert sich mit all seinen Alltagsentscheidungen \u00fcber ein offenes <strong>Plenum<\/strong>, was <strong>jeden Mittwoch<\/strong> um 19:15 Uhr stattfindet. <br><br>Freir\u00e4ume wie das SubstAnZ sind bereits aufgrund ihrer Struktur und ihrer Anspr\u00fcche in unserer Gesellschaft besondere politische R\u00e4ume. Die Gestaltung dieser Freir\u00e4ume bedarf der Verst\u00e4ndigung, nicht nur \u00fcber jede Menge organisatorischer Fragen, sondern auch \u00fcber politische Inhalte.<\/p>\n\n\n\n<p>In den letzten Jahren  an der Frankenstra\u00dfe hat sich das SubstAnZ durch mehr oder weniger  zuf\u00e4llige Beteiligungen und Aktionen in der Stadt ein Ansehen erworben.  Es wird hier neben organisatorischen Alltagsfragen auch dar\u00fcber gesprochen, wie sich das  SubstAnZ im Stadtbild wahrnimmt, inwieweit es stadtpolitischer Akteur  sein m\u00f6chte oder zu welchen Themen es sich \u00f6ffentlich positioniert.<\/p>\n\n\n\n<p><strong>Das  (Haus-) Plenum findet jeden Mittwoch um 19:15 Uhr statt.<\/strong><\/p>\n\n\n\n<p><br><\/p>\n","protected":false},"excerpt":{"rendered":"<p>Das SubstAnZ organisiert sich mit all seinen Alltagsentscheidungen \u00fcber ein offenes Plenum, was jeden Mittwoch um 19:15 Uhr stattfindet. Freir\u00e4ume wie das SubstAnZ sind bereits aufgrund ihrer Struktur und ihrer Anspr\u00fcche in unserer Gesellschaft besondere politische R\u00e4ume. Die Gestaltung dieser Freir\u00e4ume bedarf der Verst\u00e4ndigung, nicht nur \u00fcber jede Menge organisatorischer Fragen, sondern auch \u00fcber politische &hellip; <\/p>\n<p class=\"link-more\"><a href=\"https:\/\/www.substanz-os.de\/?page_id=92\" class=\"more-link\"><span class=\"screen-reader-text\">\u201eDas (Haus-)Plenum\u201c<\/span> weiterlesen<\/a><\/p>\n","protected":false},"author":1,"featured_media":0,"parent":7,"menu_order":0,"comment_status":"closed","ping_status":"closed","template":"","meta":[],"post_mailing_queue_ids":[],"_links":{"self":[{"href":"https:\/\/www.substanz-os.de\/index.php?rest_route=\/wp\/v2\/pages\/92"}],"collection":[{"href":"https:\/\/www.substanz-os.de\/index.php?rest_route=\/wp\/v2\/pages"}],"about":[{"href":"https:\/\/www.substanz-os.de\/index.php?rest_route=\/wp\/v2\/types\/page"}],"author":[{"embeddable":true,"href":"https:\/\/www.substanz-os.de\/index.php?rest_route=\/wp\/v2\/users\/1"}],"replies":[{"embeddable":true,"href":"https:\/\/www.substanz-os.de\/index.php?rest_route=%2Fwp%2Fv2%2Fcomments&post=92"}],"version-history":[{"count":9,"href":"https:\/\/www.substanz-os.de\/index.php?rest_route=\/wp\/v2\/pages\/92\/revisions"}],"predecessor-version":[{"id":799,"href":"https:\/\/www.substanz-os.de\/index.php?rest_route=\/wp\/v2\/pages\/92\/revisions\/799"}],"up":[{"embeddable":true,"href":"https:\/\/www.substanz-os.de\/index.php?rest_route=\/wp\/v2\/pages\/7"}],"wp:attachment":[{"href":"https:\/\/www.substanz-os.de\/index.php?rest_route=%2Fwp%2Fv2%2Fmedia&parent=92"}],"curies":[{"name":"wp","href":"https:\/\/api.w.org\/{rel}","templated":true}]}}