{"id":9,"date":"2018-07-23T12:58:55","date_gmt":"2018-07-23T10:58:55","guid":{"rendered":"http:\/\/2018.substanz-os.de\/?page_id=9"},"modified":"2018-10-22T11:03:15","modified_gmt":"2018-10-22T09:03:15","slug":"faqs","status":"publish","type":"page","link":"https:\/\/www.substanz-os.de\/?page_id=9","title":{"rendered":"FAQs"},"content":{"rendered":"\n<p>&#8230;<a href=\"http:\/\/2018.substanz-os.de\/?page_id=127\">f\u00fcr Besucher*innen<\/a><\/p>\n\n\n\n<p>&#8230;<a href=\"http:\/\/2018.substanz-os.de\/?page_id=129\">f\u00fcr Veranstalter*innen<\/a><\/p>\n\n\n\n<p>&#8230;<a href=\"http:\/\/2018.substanz-os.de\/?page_id=133\">f\u00fcr Bands etc.<\/a><\/p>\n\n\n\n<p><\/p>\n","protected":false},"excerpt":{"rendered":"<p>&#8230;f\u00fcr Besucher*innen &#8230;f\u00fcr Veranstalter*innen &#8230;f\u00fcr Bands etc.<\/p>\n","protected":false},"author":1,"featured_media":0,"parent":0,"menu_order":300,"comment_status":"closed","ping_status":"closed","template":"","meta":[],"post_mailing_queue_ids":[],"_links":{"self":[{"href":"https:\/\/www.substanz-os.de\/index.php?rest_route=\/wp\/v2\/pages\/9"}],"collection":[{"href":"https:\/\/www.substanz-os.de\/index.php?rest_route=\/wp\/v2\/pages"}],"about":[{"href":"https:\/\/www.substanz-os.de\/index.php?rest_route=\/wp\/v2\/types\/page"}],"author":[{"embeddable":true,"href":"https:\/\/www.substanz-os.de\/index.php?rest_route=\/wp\/v2\/users\/1"}],"replies":[{"embeddable":true,"href":"https:\/\/www.substanz-os.de\/index.php?rest_route=%2Fwp%2Fv2%2Fcomments&post=9"}],"version-history":[{"count":3,"href":"https:\/\/www.substanz-os.de\/index.php?rest_route=\/wp\/v2\/pages\/9\/revisions"}],"predecessor-version":[{"id":390,"href":"https:\/\/www.substanz-os.de\/index.php?rest_route=\/wp\/v2\/pages\/9\/revisions\/390"}],"wp:attachment":[{"href":"https:\/\/www.substanz-os.de\/index.php?rest_route=%2Fwp%2Fv2%2Fmedia&parent=9"}],"curies":[{"name":"wp","href":"https:\/\/api.w.org\/{rel}","templated":true}]}}