{"id":844,"date":"2020-02-10T21:02:13","date_gmt":"2020-02-10T20:02:13","guid":{"rendered":"http:\/\/2018.substanz-os.de\/?page_id=844"},"modified":"2022-05-29T21:40:16","modified_gmt":"2022-05-29T19:40:16","slug":"ein-osnabruecker-schicksal-zum-gedenken-an-gustav-cord-landwehr","status":"publish","type":"page","link":"https:\/\/www.substanz-os.de\/?page_id=844","title":{"rendered":"Ein Osnabr\u00fccker Schicksal &#8211; Zum Gedenken an Gustav Cord-Landwehr"},"content":{"rendered":"\n<figure class=\"wp-block-image size-large\"><img decoding=\"async\" loading=\"lazy\" width=\"1024\" height=\"811\" src=\"https:\/\/www.substanz-os.de\/wp-content\/uploads\/2022\/05\/grafik-1024x811.png\" alt=\"\" class=\"wp-image-1243\" srcset=\"https:\/\/www.substanz-os.de\/wp-content\/uploads\/2022\/05\/grafik-1024x811.png 1024w, https:\/\/www.substanz-os.de\/wp-content\/uploads\/2022\/05\/grafik-300x238.png 300w, https:\/\/www.substanz-os.de\/wp-content\/uploads\/2022\/05\/grafik-768x609.png 768w, https:\/\/www.substanz-os.de\/wp-content\/uploads\/2022\/05\/grafik.png 1060w\" sizes=\"(max-width: 767px) 89vw, (max-width: 1000px) 54vw, (max-width: 1071px) 543px, 580px\" \/><\/figure>\n\n\n\n<p>Es gibt eine gro\u00dfe, noch immer\nwachsende Zahl wertvoller wissenschaftlicher Untersuchungen, die die\nVerbrechen des Nationalsozialismus herausarbeiten. Leider werden sie\ngew\u00f6hnlich nur von wenigen Menschen gelesen. \n<\/p>\n\n\n\n<p>Das Abstrakte in seiner ganzen\nMonstr\u00f6sit\u00e4t l\u00e4\u00dft sich zudem eher leugnen als ein\nEinzelschicksal, das exemplarisch zeigt, wie das Zusammenspiel vieler\nEbenen unter Beteiligung von Otto und Ottilie Normalverbraucherin\nfunktionierte.<\/p>\n\n\n\n<p><a href=\"http:\/\/2018.substanz-os.de\/wp-content\/uploads\/2020\/02\/broschuere_ein_osnabruecker_schicksal-1-neu.pdf\">Diese Brosch\u00fcre berichtet in kurzer Form \u00fcber Zust\u00e4nde und Gesetze, die auf das Leben des Ehepaares Cord-Landwehr w\u00e4hrend und nach der NS-Herrschaft einwirkten.  <\/a><\/p>\n\n\n\n<p>Nicht zuletzt deshalb l\u00e4sst sie sich \u2013\nsogar noch in Teilen \u2013 mit Sch\u00fcler_innen erarbeiten.<\/p>\n\n\n\n<p>Sie handelt aber auch davon, wie ein\nOsnabr\u00fccker, ein Nachbar und Arbeitskollege, durch Beteiligung\nDritter in die Mordmaschinerie der Nationalsozialistischen Verbrecher\ngezerrt wurde. \n<\/p>\n\n\n\n<p>Sie kann kostenlos <a href=\"http:\/\/2018.substanz-os.de\/wp-content\/uploads\/2020\/02\/broschuere_ein_osnabruecker_schicksal-1-neu.pdf\" target=\"_blank\" rel=\"noreferrer noopener\" aria-label=\"hier (\u00f6ffnet in neuem Tab)\">hier<\/a> als PDF-Datei heruntergeladen werden.<\/p>\n\n\n\n<p>Die Brosch\u00fcre ist auf Nachfrage auch in gedruckter Form erh\u00e4ltlich.<\/p>\n\n\n\n<p><\/p>\n","protected":false},"excerpt":{"rendered":"<p>Es gibt eine gro\u00dfe, noch immer wachsende Zahl wertvoller wissenschaftlicher Untersuchungen, die die Verbrechen des Nationalsozialismus herausarbeiten. Leider werden sie gew\u00f6hnlich nur von wenigen Menschen gelesen. Das Abstrakte in seiner ganzen Monstr\u00f6sit\u00e4t l\u00e4\u00dft sich zudem eher leugnen als ein Einzelschicksal, das exemplarisch zeigt, wie das Zusammenspiel vieler Ebenen unter Beteiligung von Otto und Ottilie Normalverbraucherin &hellip; <\/p>\n<p class=\"link-more\"><a href=\"https:\/\/www.substanz-os.de\/?page_id=844\" class=\"more-link\"><span class=\"screen-reader-text\">\u201eEin Osnabr\u00fccker Schicksal &#8211; Zum Gedenken an Gustav Cord-Landwehr\u201c<\/span> weiterlesen<\/a><\/p>\n","protected":false},"author":1,"featured_media":0,"parent":7,"menu_order":0,"comment_status":"closed","ping_status":"closed","template":"","meta":[],"post_mailing_queue_ids":[],"_links":{"self":[{"href":"https:\/\/www.substanz-os.de\/index.php?rest_route=\/wp\/v2\/pages\/844"}],"collection":[{"href":"https:\/\/www.substanz-os.de\/index.php?rest_route=\/wp\/v2\/pages"}],"about":[{"href":"https:\/\/www.substanz-os.de\/index.php?rest_route=\/wp\/v2\/types\/page"}],"author":[{"embeddable":true,"href":"https:\/\/www.substanz-os.de\/index.php?rest_route=\/wp\/v2\/users\/1"}],"replies":[{"embeddable":true,"href":"https:\/\/www.substanz-os.de\/index.php?rest_route=%2Fwp%2Fv2%2Fcomments&post=844"}],"version-history":[{"count":3,"href":"https:\/\/www.substanz-os.de\/index.php?rest_route=\/wp\/v2\/pages\/844\/revisions"}],"predecessor-version":[{"id":1244,"href":"https:\/\/www.substanz-os.de\/index.php?rest_route=\/wp\/v2\/pages\/844\/revisions\/1244"}],"up":[{"embeddable":true,"href":"https:\/\/www.substanz-os.de\/index.php?rest_route=\/wp\/v2\/pages\/7"}],"wp:attachment":[{"href":"https:\/\/www.substanz-os.de\/index.php?rest_route=%2Fwp%2Fv2%2Fmedia&parent=844"}],"curies":[{"name":"wp","href":"https:\/\/api.w.org\/{rel}","templated":true}]}}