{"id":718,"date":"2019-11-24T16:45:23","date_gmt":"2019-11-24T15:45:23","guid":{"rendered":"http:\/\/2018.substanz-os.de\/?page_id=718"},"modified":"2020-04-03T22:27:52","modified_gmt":"2020-04-03T20:27:52","slug":"fuer-unterstuetzerinnen","status":"publish","type":"page","link":"https:\/\/www.substanz-os.de\/?page_id=718","title":{"rendered":"F\u00fcr Unterst\u00fctzer*innen"},"content":{"rendered":"\n<figure class=\"wp-block-image size-large\"><img decoding=\"async\" loading=\"lazy\" width=\"524\" height=\"117\" src=\"http:\/\/www.substanz-os.de\/wp-content\/uploads\/2019\/11\/obs.jpg\" alt=\"\" class=\"wp-image-714\" srcset=\"https:\/\/www.substanz-os.de\/wp-content\/uploads\/2019\/11\/obs.jpg 524w, https:\/\/www.substanz-os.de\/wp-content\/uploads\/2019\/11\/obs-300x67.jpg 300w\" sizes=\"(max-width: 524px) 100vw, 524px\" \/><\/figure>\n\n\n\n<p><strong>Wir brauchen Deine Hilfe!<\/strong><\/p>\n\n\n\n<p><strong>Da wir leider alle zusammen im real existierenden Kapitalismus leben, geht es auch bei uns um\u2018s schn\u00f6de Geld. <\/strong><\/p>\n\n\n\n<p> Um unsere Vorstellung eines eigenen, unabh\u00e4ngigen und \nselbstbestimten Hauses in die Tat umzusetzen, ben\u00f6tigen wir eure \nUnterst\u00fctzung.<\/p>\n\n\n\n<p> Einen Teil des zum Kauf n\u00f6tigen Kapitals werden wir von der Bank \nleihen. Den anderen Teil werden wir in Form von Eigenkapital, Spenden \nund Direktkrediten zusammenbringen.<\/p>\n\n\n\n<p> Dabei gilt: Je mehr Unterst\u00fctzung wir erhalten, umso besser ist \nunser finanzieller Spielraum und umso besser sind unsere Chancen f\u00fcr den\n Kauf eines geeigneten Objektes.<\/p>\n\n\n\n<p> Es gibt unterschiedliche M\u00f6glichkeiten der Unterst\u00fctzung:<\/p>\n\n\n\n<ul><li> Spenden<\/li><li> Direktkredite<\/li><li> B\u00fcrgschaften<\/li><li> Mitgliedschaft im FrAZ e.V. <a href=\"http:\/\/2018.substanz-os.de\/?page_id=24\">(hier klicken)<\/a><\/li><\/ul>\n\n\n\n<p>Dazu haben wir einige Informationen zusammengestellt, um evtl.  noch offene Fragen zu beantworten. Den Flyer gibt  es hier zum download:<\/p>\n\n\n\n<figure class=\"wp-block-image size-large\"><a href=\"http:\/\/www.substanz-os.de\/wp-content\/uploads\/2020\/04\/flyer_substanz_web.pdf\"><img decoding=\"async\" loading=\"lazy\" width=\"900\" height=\"525\" src=\"http:\/\/www.substanz-os.de\/wp-content\/uploads\/2020\/04\/flyer_vorschau.jpg\" alt=\"Freir\u00e4ume unterst\u00fctzen und erhalten!\" class=\"wp-image-899\" srcset=\"https:\/\/www.substanz-os.de\/wp-content\/uploads\/2020\/04\/flyer_vorschau.jpg 900w, https:\/\/www.substanz-os.de\/wp-content\/uploads\/2020\/04\/flyer_vorschau-300x175.jpg 300w, https:\/\/www.substanz-os.de\/wp-content\/uploads\/2020\/04\/flyer_vorschau-768x448.jpg 768w\" sizes=\"(max-width: 767px) 89vw, (max-width: 1000px) 54vw, (max-width: 1071px) 543px, 580px\" \/><\/a><figcaption>Freir\u00e4ume unterst\u00fctzen und erhalten \u2013 Infoflyer zum downloaden<\/figcaption><\/figure>\n","protected":false},"excerpt":{"rendered":"<p>Wir brauchen Deine Hilfe! Da wir leider alle zusammen im real existierenden Kapitalismus leben, geht es auch bei uns um\u2018s schn\u00f6de Geld. Um unsere Vorstellung eines eigenen, unabh\u00e4ngigen und selbstbestimten Hauses in die Tat umzusetzen, ben\u00f6tigen wir eure Unterst\u00fctzung. Einen Teil des zum Kauf n\u00f6tigen Kapitals werden wir von der Bank leihen. Den anderen Teil &hellip; <\/p>\n<p class=\"link-more\"><a href=\"https:\/\/www.substanz-os.de\/?page_id=718\" class=\"more-link\"><span class=\"screen-reader-text\">\u201eF\u00fcr Unterst\u00fctzer*innen\u201c<\/span> weiterlesen<\/a><\/p>\n","protected":false},"author":1,"featured_media":0,"parent":9,"menu_order":0,"comment_status":"closed","ping_status":"closed","template":"","meta":[],"post_mailing_queue_ids":[],"_links":{"self":[{"href":"https:\/\/www.substanz-os.de\/index.php?rest_route=\/wp\/v2\/pages\/718"}],"collection":[{"href":"https:\/\/www.substanz-os.de\/index.php?rest_route=\/wp\/v2\/pages"}],"about":[{"href":"https:\/\/www.substanz-os.de\/index.php?rest_route=\/wp\/v2\/types\/page"}],"author":[{"embeddable":true,"href":"https:\/\/www.substanz-os.de\/index.php?rest_route=\/wp\/v2\/users\/1"}],"replies":[{"embeddable":true,"href":"https:\/\/www.substanz-os.de\/index.php?rest_route=%2Fwp%2Fv2%2Fcomments&post=718"}],"version-history":[{"count":7,"href":"https:\/\/www.substanz-os.de\/index.php?rest_route=\/wp\/v2\/pages\/718\/revisions"}],"predecessor-version":[{"id":912,"href":"https:\/\/www.substanz-os.de\/index.php?rest_route=\/wp\/v2\/pages\/718\/revisions\/912"}],"up":[{"embeddable":true,"href":"https:\/\/www.substanz-os.de\/index.php?rest_route=\/wp\/v2\/pages\/9"}],"wp:attachment":[{"href":"https:\/\/www.substanz-os.de\/index.php?rest_route=%2Fwp%2Fv2%2Fmedia&parent=718"}],"curies":[{"name":"wp","href":"https:\/\/api.w.org\/{rel}","templated":true}]}}