{"id":7,"date":"2018-07-23T12:58:44","date_gmt":"2018-07-23T10:58:44","guid":{"rendered":"http:\/\/2018.substanz-os.de\/?page_id=7"},"modified":"2022-11-09T19:14:31","modified_gmt":"2022-11-09T18:14:31","slug":"das-substanz","status":"publish","type":"page","link":"https:\/\/www.substanz-os.de\/?page_id=7","title":{"rendered":"Das SubstAnZ"},"content":{"rendered":"\n<div class=\"wp-block-group is-layout-flow\"><div class=\"wp-block-group__inner-container\">\n<div class=\"wp-block-columns is-layout-flex wp-container-2\">\n<div class=\"wp-block-column is-layout-flow\" style=\"flex-basis:100%\">\n<p>Das SubstAnZ lebt von den Menschen, die es ehrenamtlich gestalten. Solltest du Lust haben dich zu engagieren, gibt es viele M\u00f6glichkeiten. Ob nur mal so oder regelm\u00e4\u00dfig- das SubstAnZ bietet f\u00fcr alle Platz. Wir suchen immer Menschen die Lust haben uns bei Veranstaltungen aller Art zu unterst\u00fctzen. Veranstaltungstechnik, Einlass und mal an der Kasse sitzen oder paar Getr\u00e4nke zu verkaufen, es gibt viele M\u00f6glichkeiten das SubstAnZ zu unterst\u00fctzen.<\/p>\n<\/div>\n<\/div>\n<\/div><\/div>\n\n\n\n<p><strong>M\u00f6gliche Freiwilligenarbeit im SubstAnZ:<\/strong><\/p>\n\n\n\n<ul><li>Planen und Durchf\u00fchren von Konzerten, Vortr\u00e4gen, Kino- Abenden, Kabarett etc. etc.<\/li><li>Betreuung des Social Media und Webauftritt des SubstAnZ<\/li><li>Betreuung von Musiker*innen, Vortragenden oder anderen G\u00e4sten des Hauses<\/li><li>Verkauf von Getr\u00e4nken w\u00e4hrend Veranstaltungen<\/li><li>Einlass und Kasse w\u00e4hrend Veranstaltungen<\/li><li>Awareness auf Veranstaltungen<\/li><li>Veranstaltungstechnik<\/li><\/ul>\n\n\n\n<p>Solltest du Lust haben mitzuwirken oder du m\u00f6chtest dich einfach mal informieren?<br>Dann schreib gerne eine Mail an: <em><mark style=\"background-color:rgba(0, 0, 0, 0)\" class=\"has-inline-color has-vivid-red-color\">kontakt[at]substanz-os.de<\/mark><\/em><\/p>\n\n\n\n<hr class=\"wp-block-separator\"\/>\n\n\n\n<p><strong>Was Dich interessiert:<\/strong><\/p>\n\n\n\n<ul><li><a href=\"http:\/\/2018.substanz-os.de\/?page_id=142\">Die Geschichte des Substanz und Meilensteine<\/a><\/li><\/ul>\n\n\n\n<ul><li><a href=\"http:\/\/2018.substanz-os.de\/?page_id=145\">Wie funktioniert das SubstAnZ?<\/a><\/li><\/ul>\n\n\n\n<ul><li>(<a href=\"http:\/\/2018.substanz-os.de\/?page_id=92\">Haus-)Plenum<\/a><\/li><\/ul>\n\n\n\n<ul><li><a href=\"http:\/\/2018.substanz-os.de\/?page_id=36\">Strukturgruppen<\/a><\/li><\/ul>\n\n\n\n<ul><li><a href=\"http:\/\/2018.substanz-os.de\/?page_id=39\">Nutzer*innen (Auswahl)<\/a><\/li><\/ul>\n\n\n\n<ul><li><a href=\"http:\/\/2018.substanz-os.de\/?page_id=287\">Kooperation, Vernetzung und N\u00fctzliches<\/a><\/li><\/ul>\n\n\n\n<hr class=\"wp-block-separator is-style-dots\"\/>\n\n\n\n<ul><li><a href=\"http:\/\/www.substanz-os.de\/?page_id=1170(\u00f6ffnet in neuem Tab)\"><strong>Das SubstAnZ ist Pate eines Stolpersteines in Osnabr\u00fcck<\/strong><\/a><ul><li><em><a href=\"https:\/\/www.substanz-os.de\/?page_id=1186\">Stolpersteine suchen Putzpatinnen und Putzpaten<\/a><\/em><\/li><\/ul><\/li><\/ul>\n\n\n\n<ul><li><a href=\"https:\/\/www.substanz-os.de\/?page_id=844\"><strong>Ein Osnabr\u00fccker Schicksal \u2013 Zum Gedenken an Gustav Cord-Landwehr<\/strong><\/a><\/li><\/ul>\n","protected":false},"excerpt":{"rendered":"<p>Das SubstAnZ lebt von den Menschen, die es ehrenamtlich gestalten. Solltest du Lust haben dich zu engagieren, gibt es viele M\u00f6glichkeiten. Ob nur mal so oder regelm\u00e4\u00dfig- das SubstAnZ bietet f\u00fcr alle Platz. Wir suchen immer Menschen die Lust haben uns bei Veranstaltungen aller Art zu unterst\u00fctzen. Veranstaltungstechnik, Einlass und mal an der Kasse sitzen &hellip; <\/p>\n<p class=\"link-more\"><a href=\"https:\/\/www.substanz-os.de\/?page_id=7\" class=\"more-link\"><span class=\"screen-reader-text\">\u201eDas SubstAnZ\u201c<\/span> weiterlesen<\/a><\/p>\n","protected":false},"author":1,"featured_media":0,"parent":0,"menu_order":200,"comment_status":"closed","ping_status":"closed","template":"","meta":[],"post_mailing_queue_ids":[],"_links":{"self":[{"href":"https:\/\/www.substanz-os.de\/index.php?rest_route=\/wp\/v2\/pages\/7"}],"collection":[{"href":"https:\/\/www.substanz-os.de\/index.php?rest_route=\/wp\/v2\/pages"}],"about":[{"href":"https:\/\/www.substanz-os.de\/index.php?rest_route=\/wp\/v2\/types\/page"}],"author":[{"embeddable":true,"href":"https:\/\/www.substanz-os.de\/index.php?rest_route=\/wp\/v2\/users\/1"}],"replies":[{"embeddable":true,"href":"https:\/\/www.substanz-os.de\/index.php?rest_route=%2Fwp%2Fv2%2Fcomments&post=7"}],"version-history":[{"count":12,"href":"https:\/\/www.substanz-os.de\/index.php?rest_route=\/wp\/v2\/pages\/7\/revisions"}],"predecessor-version":[{"id":1427,"href":"https:\/\/www.substanz-os.de\/index.php?rest_route=\/wp\/v2\/pages\/7\/revisions\/1427"}],"wp:attachment":[{"href":"https:\/\/www.substanz-os.de\/index.php?rest_route=%2Fwp%2Fv2%2Fmedia&parent=7"}],"curies":[{"name":"wp","href":"https:\/\/api.w.org\/{rel}","templated":true}]}}