{"id":36,"date":"2018-07-23T13:07:15","date_gmt":"2018-07-23T11:07:15","guid":{"rendered":"http:\/\/2018.substanz-os.de\/?page_id=36"},"modified":"2022-11-30T10:35:07","modified_gmt":"2022-11-30T09:35:07","slug":"strukturgruppen","status":"publish","type":"page","link":"https:\/\/www.substanz-os.de\/?page_id=36","title":{"rendered":"Strukturgruppen"},"content":{"rendered":"\n<p>Die Strukturgruppen sind solche, ohne die es das SubstAnZ nicht geben w\u00fcrde. Sie sind eben existentiell von Bedeutung f\u00fcr das Bestreiten des Alltags. Dabei ist eine Trennung zwischen dem Tr\u00e4gerverein (FrAZ e.v.) und dem SubstAnZ bedeutend.<br><\/p>\n\n\n\n<p><strong>Freundeskreis f\u00fcr ein selbstverwaltetes Zentrum, Bildung und Kultur e.V. (FrAZ. e.V.)<\/strong><\/p>\n\n\n\n<ul><li>Sprecher_innen <\/li><li><a href=\"http:\/\/2018.substanz-os.de\/?page_id=113\">Kassengruppe (Finanzen)<\/a><\/li><li><a href=\"http:\/\/2018.substanz-os.de\/?page_id=272\">Mitgliederverwaltung<\/a><\/li><\/ul>\n\n\n\n<p><strong>Das SubstAnZ<br><\/strong><\/p>\n\n\n\n<ul><li>Veranstaltungsgruppe<\/li><li>Technikgruppe<\/li><li>VoK\u00fc bzw. K\u00fcfA-Gruppe<\/li><li>Facilitymanagement-Gruppe<\/li><\/ul>\n","protected":false},"excerpt":{"rendered":"<p>Die Strukturgruppen sind solche, ohne die es das SubstAnZ nicht geben w\u00fcrde. Sie sind eben existentiell von Bedeutung f\u00fcr das Bestreiten des Alltags. Dabei ist eine Trennung zwischen dem Tr\u00e4gerverein (FrAZ e.v.) und dem SubstAnZ bedeutend. Freundeskreis f\u00fcr ein selbstverwaltetes Zentrum, Bildung und Kultur e.V. (FrAZ. e.V.) Sprecher_innen Kassengruppe (Finanzen) Mitgliederverwaltung Das SubstAnZ Veranstaltungsgruppe Technikgruppe &hellip; <\/p>\n<p class=\"link-more\"><a href=\"https:\/\/www.substanz-os.de\/?page_id=36\" class=\"more-link\"><span class=\"screen-reader-text\">\u201eStrukturgruppen\u201c<\/span> weiterlesen<\/a><\/p>\n","protected":false},"author":1,"featured_media":0,"parent":7,"menu_order":210,"comment_status":"closed","ping_status":"closed","template":"","meta":[],"post_mailing_queue_ids":[],"_links":{"self":[{"href":"https:\/\/www.substanz-os.de\/index.php?rest_route=\/wp\/v2\/pages\/36"}],"collection":[{"href":"https:\/\/www.substanz-os.de\/index.php?rest_route=\/wp\/v2\/pages"}],"about":[{"href":"https:\/\/www.substanz-os.de\/index.php?rest_route=\/wp\/v2\/types\/page"}],"author":[{"embeddable":true,"href":"https:\/\/www.substanz-os.de\/index.php?rest_route=\/wp\/v2\/users\/1"}],"replies":[{"embeddable":true,"href":"https:\/\/www.substanz-os.de\/index.php?rest_route=%2Fwp%2Fv2%2Fcomments&post=36"}],"version-history":[{"count":9,"href":"https:\/\/www.substanz-os.de\/index.php?rest_route=\/wp\/v2\/pages\/36\/revisions"}],"predecessor-version":[{"id":1436,"href":"https:\/\/www.substanz-os.de\/index.php?rest_route=\/wp\/v2\/pages\/36\/revisions\/1436"}],"up":[{"embeddable":true,"href":"https:\/\/www.substanz-os.de\/index.php?rest_route=\/wp\/v2\/pages\/7"}],"wp:attachment":[{"href":"https:\/\/www.substanz-os.de\/index.php?rest_route=%2Fwp%2Fv2%2Fmedia&parent=36"}],"curies":[{"name":"wp","href":"https:\/\/api.w.org\/{rel}","templated":true}]}}