{"id":26,"date":"2018-07-23T13:01:11","date_gmt":"2018-07-23T11:01:11","guid":{"rendered":"http:\/\/2018.substanz-os.de\/?page_id=26"},"modified":"2023-02-08T12:49:46","modified_gmt":"2023-02-08T11:49:46","slug":"satzung","status":"publish","type":"page","link":"https:\/\/www.substanz-os.de\/?page_id=26","title":{"rendered":"Satzung"},"content":{"rendered":"\n<p><strong>Satzung des Vereins<br><br>&#8222;<\/strong><strong>Freundeskreis f\u00fcr ein selbstverwaltetes Zentrum, Bildung und Kultur (FrAZ) e.V.&#8220;<\/strong><br>(Zuletzt ge\u00e4ndert auf der Vollversammlung am 30. M\u00e4rz 2020)<\/p>\n\n\n\n<p>Die aktuelle Satzung des Tr\u00e4gervereines kann <a href=\"https:\/\/www.substanz-os.de\/wp-content\/uploads\/2023\/02\/Satzung_FrAZ_Stand_01_2023.pdf\" data-type=\"attachment\" data-id=\"1516\">hier<\/a> als PDF heruntergeladen werden.<\/p>\n\n\n\n<p>Die aktuelle Beitragsordnung gibt es <a href=\"http:\/\/www.substanz-os.de\/wp-content\/uploads\/2022\/07\/Beitragsordnung.pdf\">hier<\/a> zum Download.<\/p>\n","protected":false},"excerpt":{"rendered":"<p>Satzung des Vereins &#8222;Freundeskreis f\u00fcr ein selbstverwaltetes Zentrum, Bildung und Kultur (FrAZ) e.V.&#8220;(Zuletzt ge\u00e4ndert auf der Vollversammlung am 30. M\u00e4rz 2020) Die aktuelle Satzung des Tr\u00e4gervereines kann hier als PDF heruntergeladen werden. Die aktuelle Beitragsordnung gibt es hier zum Download.<\/p>\n","protected":false},"author":1,"featured_media":0,"parent":12,"menu_order":420,"comment_status":"closed","ping_status":"closed","template":"","meta":[],"post_mailing_queue_ids":[],"_links":{"self":[{"href":"https:\/\/www.substanz-os.de\/index.php?rest_route=\/wp\/v2\/pages\/26"}],"collection":[{"href":"https:\/\/www.substanz-os.de\/index.php?rest_route=\/wp\/v2\/pages"}],"about":[{"href":"https:\/\/www.substanz-os.de\/index.php?rest_route=\/wp\/v2\/types\/page"}],"author":[{"embeddable":true,"href":"https:\/\/www.substanz-os.de\/index.php?rest_route=\/wp\/v2\/users\/1"}],"replies":[{"embeddable":true,"href":"https:\/\/www.substanz-os.de\/index.php?rest_route=%2Fwp%2Fv2%2Fcomments&post=26"}],"version-history":[{"count":9,"href":"https:\/\/www.substanz-os.de\/index.php?rest_route=\/wp\/v2\/pages\/26\/revisions"}],"predecessor-version":[{"id":1517,"href":"https:\/\/www.substanz-os.de\/index.php?rest_route=\/wp\/v2\/pages\/26\/revisions\/1517"}],"up":[{"embeddable":true,"href":"https:\/\/www.substanz-os.de\/index.php?rest_route=\/wp\/v2\/pages\/12"}],"wp:attachment":[{"href":"https:\/\/www.substanz-os.de\/index.php?rest_route=%2Fwp%2Fv2%2Fmedia&parent=26"}],"curies":[{"name":"wp","href":"https:\/\/api.w.org\/{rel}","templated":true}]}}