{"id":24,"date":"2018-07-23T13:01:01","date_gmt":"2018-07-23T11:01:01","guid":{"rendered":"http:\/\/2018.substanz-os.de\/?page_id=24"},"modified":"2024-07-05T23:09:46","modified_gmt":"2024-07-05T21:09:46","slug":"mitglied-werden-spenden","status":"publish","type":"page","link":"https:\/\/www.substanz-os.de\/?page_id=24","title":{"rendered":"Werde Mitglied im FrAZ e.V."},"content":{"rendered":"\n<p><strong>Die Mitglieder und F\u00f6rdermitglieder des FrAZ e.V. erm\u00f6glichen uns, unabh\u00e4ngiger zu handeln und bilden die \u00f6konomische Grundlage um ein selbstverwaltetes Zentrum in Osnabr\u00fcck zu betreiben.<\/strong><\/p>\n\n\n\n<p>Der FrAZ-Mitgliedsbeitrag deckt dabei einen Teil der Kosten wie z.B. zum jetzigen Zeitpunkt noch Miete, Strom oder Heizkosten, in Zukunft ggf. auch Kauf-, Renovierungs- und Instandhaltungskosten f\u00fcr eine eigene Immobilie. Wer im FrAZ e.V. Mitglied wird, kann das Vorhaben als aktives oder als F\u00f6rdermitglied unterst\u00fctzen.<\/p>\n\n\n\n<p>So kann jede*r ihren Teil dazu leisten \u2013 auch mit einem niedrigen Betrag. Selbst wenn Du kein Mitglied werden m\u00f6chtest, kannst Du uns durch eine einmalige <a href=\"https:\/\/www.substanz-os.de\/?page_id=2390\" data-type=\"page\" data-id=\"2390\">Spende<\/a> unterst\u00fctzen. Alle Spenden und Beitr\u00e4ge sind steuerlich absetzbar.<\/p>\n\n\n\n<p>Um Mitglied zu werden, f\u00fclle einfach das Beitrittsformular in unserem <a href=\"https:\/\/www.substanz-os.de\/wp-content\/uploads\/2024\/07\/2024-03_flyer_substanz_support_dinlang.pdf\" data-type=\"attachment\" data-id=\"2387\">aktuellen Flyer<\/a> aus.  Das Ganze dann an unsere <a href=\"https:\/\/www.substanz-os.de\/?page_id=14\" data-type=\"page\" data-id=\"14\">Kontaktm\u00f6glichkeiten<\/a>  schicken oder in unseren Briefkasten in der Frakenstra\u00dfe 25A werfen. Du kannst deinen Beitritt auch vor Ort bei einer unserer Veranstaltungen kundtun und das vorgedruckte Formular dort unterzeichnen und abgeben. Weitere Informationen zur Mitgliedsschaft erteilt die <a href=\"http:\/\/www.substanz-os.de\/?page_id=272\">Mitgliederverwaltung <\/a><\/p>\n","protected":false},"excerpt":{"rendered":"<p>Die Mitglieder und F\u00f6rdermitglieder des FrAZ e.V. erm\u00f6glichen uns, unabh\u00e4ngiger zu handeln und bilden die \u00f6konomische Grundlage um ein selbstverwaltetes Zentrum in Osnabr\u00fcck zu betreiben. Der FrAZ-Mitgliedsbeitrag deckt dabei einen Teil der Kosten wie z.B. zum jetzigen Zeitpunkt noch Miete, Strom oder Heizkosten, in Zukunft ggf. auch Kauf-, Renovierungs- und Instandhaltungskosten f\u00fcr eine eigene Immobilie. &hellip; <\/p>\n<p class=\"link-more\"><a href=\"https:\/\/www.substanz-os.de\/?page_id=24\" class=\"more-link\"><span class=\"screen-reader-text\">\u201eWerde Mitglied im FrAZ e.V.\u201c<\/span> weiterlesen<\/a><\/p>\n","protected":false},"author":1,"featured_media":0,"parent":12,"menu_order":410,"comment_status":"closed","ping_status":"closed","template":"","meta":[],"post_mailing_queue_ids":[],"_links":{"self":[{"href":"https:\/\/www.substanz-os.de\/index.php?rest_route=\/wp\/v2\/pages\/24"}],"collection":[{"href":"https:\/\/www.substanz-os.de\/index.php?rest_route=\/wp\/v2\/pages"}],"about":[{"href":"https:\/\/www.substanz-os.de\/index.php?rest_route=\/wp\/v2\/types\/page"}],"author":[{"embeddable":true,"href":"https:\/\/www.substanz-os.de\/index.php?rest_route=\/wp\/v2\/users\/1"}],"replies":[{"embeddable":true,"href":"https:\/\/www.substanz-os.de\/index.php?rest_route=%2Fwp%2Fv2%2Fcomments&post=24"}],"version-history":[{"count":18,"href":"https:\/\/www.substanz-os.de\/index.php?rest_route=\/wp\/v2\/pages\/24\/revisions"}],"predecessor-version":[{"id":2400,"href":"https:\/\/www.substanz-os.de\/index.php?rest_route=\/wp\/v2\/pages\/24\/revisions\/2400"}],"up":[{"embeddable":true,"href":"https:\/\/www.substanz-os.de\/index.php?rest_route=\/wp\/v2\/pages\/12"}],"wp:attachment":[{"href":"https:\/\/www.substanz-os.de\/index.php?rest_route=%2Fwp%2Fv2%2Fmedia&parent=24"}],"curies":[{"name":"wp","href":"https:\/\/api.w.org\/{rel}","templated":true}]}}