{"id":1646,"date":"2023-04-07T12:56:04","date_gmt":"2023-04-07T10:56:04","guid":{"rendered":"https:\/\/www.substanz-os.de\/?page_id=1646"},"modified":"2023-04-07T12:59:31","modified_gmt":"2023-04-07T10:59:31","slug":"substanz-newsletter","status":"publish","type":"page","link":"https:\/\/www.substanz-os.de\/?page_id=1646","title":{"rendered":"SubstAnZ Newsletter"},"content":{"rendered":"\n<p>Durch den SubstAnZ Newsletter informieren wir einmal im Monat \u00fcber die Termine von bevorstehenden und regelm\u00e4\u00dfigen Veranstaltungen, Caf\u00e9s, Kneipen, Konzerten, Partys, Plena usw. die bei uns im Haus stattfinden. <\/p>\n\n\n\n<p>Neue Gesichter sind immer willkommen!<\/p>\n\n\n\n<p>Wenn du den SubstAnZ Newsletter bekommen m\u00f6chtest, kannst du ihn hier abonnieren. <\/p>\n\n\n\n<p><code><div class=\"emaillist\" id=\"es_form_f2-n1\"><form action=\"\/index.php?rest_route=%2Fwp%2Fv2%2Fpages%2F1646#es_form_f2-n1\" method=\"post\" class=\"es_subscription_form es_shortcode_form  es_ajax_subscription_form\" id=\"es_subscription_form_6a05b42479abd\" data-source=\"ig-es\" data-form-id=\"2\"><input type=\"hidden\" name=\"esfpx_form_id\" value=\"2\" \/><input type=\"hidden\" name=\"esfpx_lists[]\" value=\"a6d65bf90611\" \/><input type=\"hidden\" name=\"es\" value=\"subscribe\" \/>\n\t\t\t<input type=\"hidden\" name=\"esfpx_es_form_identifier\" value=\"f2-n1\" \/>\n\t\t\t<input type=\"hidden\" name=\"esfpx_es_email_page\" value=\"1646\" \/>\n\t\t\t<input type=\"hidden\" name=\"esfpx_es_email_page_url\" value=\"https:\/\/www.substanz-os.de\/?page_id=1646\" \/>\n\t\t\t<input type=\"hidden\" name=\"esfpx_status\" value=\"Unconfirmed\" \/>\n\t\t\t<input type=\"hidden\" name=\"esfpx_es-subscribe\" id=\"es-subscribe-6a05b42479abd\" value=\"bfa62eeca6\" \/>\n\t\t\t<label style=\"position:absolute;top:-99999px;left:-99999px;z-index:-99;\" aria-hidden=\"true\"><span hidden>Please leave this field empty.<\/span><input type=\"email\" name=\"esfpx_es_hp_email\" class=\"es_required_field\" tabindex=\"-1\" autocomplete=\"-1\" value=\"\" \/><\/label><style>form.es_subscription_form[data-form-id=\"2\"] * { box-sizing: border-box; } body {margin: 0;}form[data-form-id=\"2\"] .es-form-field-container .gjs-row{display:flex;justify-content:flex-start;align-items:stretch;flex-wrap:nowrap;}form[data-form-id=\"2\"] .es-form-field-container .gjs-cell{flex-grow:1;flex-basis:100%;}form[data-form-id=\"2\"] .es-form-field-container .gjs-cell[data-highlightable=\"1\"]:empty{border-top-color:rgb(204, 204, 204);border-top-style:dashed;border-top-width:1px;border-right-color:rgb(204, 204, 204);border-right-style:dashed;border-right-width:1px;border-bottom-color:rgb(204, 204, 204);border-bottom-style:dashed;border-bottom-width:1px;border-left-color:rgb(204, 204, 204);border-left-style:dashed;border-left-width:1px;border-image-outset:0;border-image-repeat:stretch;border-image-slice:100%;border-image-source:none;border-image-width:1;height:30px;}form[data-form-id=\"2\"] .es-form-field-container .gjs-row .gjs-cell input[type=\"checkbox\"], form[data-form-id=\"2\"] .es-form-field-container .gjs-row .gjs-cell input[type=\"radio\"]{margin-top:0px;margin-right:5px;margin-bottom:0px;margin-left:0px;width:auto;}form[data-form-id=\"2\"] .es-form-field-container .gjs-row{margin-bottom:0.6em;}form[data-form-id=\"2\"] .es-form-field-container label.es-field-label{display:block;}@media (max-width: 320px){form[data-form-id=\"2\"] .es-form-field-container{padding-top:1rem;padding-right:1rem;padding-bottom:1rem;padding-left:1rem;}}<\/style><div class=\"es-form-field-container\"><div class=\"gjs-row\"><\/div><div class=\"gjs-row\"><div class=\"gjs-cell\"><label for=\"esfpx_email_d697a6ca23aea\" class=\"es-field-label\">Email<\/label><input type=\"email\" required name=\"esfpx_email\" autocomplete=\"off\" placeholder=\"E-Mail Adresse\" id=\"esfpx_email_d697a6ca23aea\" class=\"es-email\" \/><\/div><\/div><div class=\"gjs-row\"><div class=\"gjs-cell\"><input type=\"submit\" name=\"submit\" value=\"Subscribe\" \/><\/div><\/div><\/div><span class=\"es_spinner_image\" id=\"spinner-image\"><img src=\"https:\/\/www.substanz-os.de\/wp-content\/plugins\/email-subscribers\/lite\/public\/images\/spinner.gif\" alt=\"Loading\" \/><\/span><\/form><span class=\"es_subscription_message \" id=\"es_subscription_message_6a05b42479abd\"><\/span><\/div><\/code><\/p>\n\n\n\n<p>Solltest du deinen Abmeldelink vom Newsletter gel\u00f6scht haben, schick uns doch gerne eine Mail mit der Bitte dich zu l\u00f6schen an newsletter@substanz-os.de<\/p>\n","protected":false},"excerpt":{"rendered":"<p>Durch den SubstAnZ Newsletter informieren wir einmal im Monat \u00fcber die Termine von bevorstehenden und regelm\u00e4\u00dfigen Veranstaltungen, Caf\u00e9s, Kneipen, Konzerten, Partys, Plena usw. die bei uns im Haus stattfinden. Neue Gesichter sind immer willkommen! Wenn du den SubstAnZ Newsletter bekommen m\u00f6chtest, kannst du ihn hier abonnieren. Solltest du deinen Abmeldelink vom Newsletter gel\u00f6scht haben, schick &hellip; <\/p>\n<p class=\"link-more\"><a href=\"https:\/\/www.substanz-os.de\/?page_id=1646\" class=\"more-link\"><span class=\"screen-reader-text\">\u201eSubstAnZ Newsletter\u201c<\/span> weiterlesen<\/a><\/p>\n","protected":false},"author":2,"featured_media":0,"parent":0,"menu_order":0,"comment_status":"closed","ping_status":"closed","template":"","meta":[],"post_mailing_queue_ids":[],"_links":{"self":[{"href":"https:\/\/www.substanz-os.de\/index.php?rest_route=\/wp\/v2\/pages\/1646"}],"collection":[{"href":"https:\/\/www.substanz-os.de\/index.php?rest_route=\/wp\/v2\/pages"}],"about":[{"href":"https:\/\/www.substanz-os.de\/index.php?rest_route=\/wp\/v2\/types\/page"}],"author":[{"embeddable":true,"href":"https:\/\/www.substanz-os.de\/index.php?rest_route=\/wp\/v2\/users\/2"}],"replies":[{"embeddable":true,"href":"https:\/\/www.substanz-os.de\/index.php?rest_route=%2Fwp%2Fv2%2Fcomments&post=1646"}],"version-history":[{"count":3,"href":"https:\/\/www.substanz-os.de\/index.php?rest_route=\/wp\/v2\/pages\/1646\/revisions"}],"predecessor-version":[{"id":1651,"href":"https:\/\/www.substanz-os.de\/index.php?rest_route=\/wp\/v2\/pages\/1646\/revisions\/1651"}],"wp:attachment":[{"href":"https:\/\/www.substanz-os.de\/index.php?rest_route=%2Fwp%2Fv2%2Fmedia&parent=1646"}],"curies":[{"name":"wp","href":"https:\/\/api.w.org\/{rel}","templated":true}]}}