{"id":14,"date":"2018-07-23T12:59:25","date_gmt":"2018-07-23T10:59:25","guid":{"rendered":"http:\/\/2018.substanz-os.de\/?page_id=14"},"modified":"2025-06-16T12:39:18","modified_gmt":"2025-06-16T10:39:18","slug":"kontakt","status":"publish","type":"page","link":"https:\/\/www.substanz-os.de\/?page_id=14","title":{"rendered":"Kontakt"},"content":{"rendered":"\n<p><a href=\"http:\/\/2018.substanz-os.de\/das-substanz\/plenum-und-politplenum\/\"><\/a><\/p>\n\n\n\n<p><strong>Postanschrift: (neu seit 01\/24)<\/strong><br>SubstAnZ \/ FrAZ e.V.<br>Postfach 1903<br>49009 Osnabr\u00fcck<br><br><strong>Postanschrift f\u00fcr Pakete:<\/strong><br>Adresse auf Anfrag<\/p>\n\n\n\n<p><strong>Telefon:<\/strong><br>Auf Anfrage<\/p>\n\n\n\n<p><strong>Presseanfragen<\/strong> richten Sie bitte ausschlie\u00dflich an unsere Mailadresse <\/p>\n\n\n\n<p class=\"has-black-color has-text-color\"><strong>E-Mail:<\/strong>&nbsp;kontakt[at]substanz-os.de <br><strong>PGP: <\/strong>siehe unten<br><strong>Fingerprint: <\/strong> B3B2 4A14 9F12 6CAD 2EAB 078A EA22 E234 153B 9B60<\/p>\n\n\n\n<p class=\"has-vivid-red-color has-cyan-bluish-gray-background-color has-text-color has-background\"><strong>Veranstaltungsanfragen werden nicht beantwortet! \/ Bitte sende eine Mail an:<br>Booking requests will not be answered! Plese send a mail to:<\/strong><br><a href=\"mailto:events@substanz-os.de\">events@substanz-os.de<\/a><\/p>\n\n\n\n<hr class=\"wp-block-separator has-css-opacity\"\/>\n\n\n\n<p><strong>PGP Key<\/strong><\/p>\n\n\n\n<pre class=\"wp-block-code\"><code>-----BEGIN PGP PUBLIC KEY BLOCK-----\n\nxsDNBGgBA50BDAC4SJHzRbdu55kgN\/tY4JGygxqOJvXU0I4hkjYJJcuDpSmLi48d\nydw8PxmJ40D9ZGaCba1UEjq\/n+aBw9lJPzVYojiqVLAjw6o5r1PhxPthr1gxypLK\n5LI6N\/kghpGMN+JqD7caC6+ah7ZBdRvTuHWm\/\/c3Z12miMD\/S+IklXA3duDCQ8xW\nN35L5s1tD+80IESFj6ltdXp4F3h5rzHPUF66y1\/jSYONf4DHeKt3WpAFlkvJioxV\nv6FCKfpQ6iZjB8LB6ZOQ7\/xlHursjG23V42XnuBx4Wsv3WS1dZULElomtKIq41KV\n+J+fkFifhPDHPHhAGTfcP0HK19\/Te38phxCYr4LoskM8hUhfCQcMM0UtBgTo1fk6\n0GAy8tBX1BL4qi\/P+D4Rj4n1xcZO\/+7CUjftmg4yoOKDgIG3yRALHzZ2x2lQG5H9\nV48meSNlppsD0HaJDcGxXu+sEbwD3vcUjNX2IsEPxkqdqpeSlwzvyumVTHlSJ6Se\nU8EBfTMMD4YlDb0AEQEAAc04U3Vic3RBblogT3NuYWJyw7xjayAvIEZyQVogZS52\nLiA8a29udGFrdEBzdWJzdGFuei1vcy5kZT7CwQ0EEwEIADcWIQSzskoUnxJsrS6r\nB4rqIuI0FTubYAUCaAEDpgUJBaOagAIbAwQLCQgHBRUICQoLBRYCAwEAAAoJEOoi\n4jQVO5tg0y0MAJFO9jsfRigBjUnU8gjQbJ62KInWh\/qCOqdDOhz8mpoTrQpFwDJl\nu\/OXxzXI50aO96aUlghbCPvfm+1QmryQqBDqPoGjCvlRrUmzqW7Doc6mAW+\/Ozu2\n5i\/YV25CJdH6Zuy0k1cmElTN46AA8oBuAGiiBJo7R1vSmjY9Bc0fAIrgUSu+GM7s\nIYq26eYvTlIatuMYnnWCcjCRVgj5pJ9dhr8nJomu7DwDXew00Fc8rxycbq\/TNmec\nYYUOXnWZG8apdKNAlHZJw4qABs6+UiZ4HM+95vC\/wxQB9eHkX0Rvvk5IMStDQJD+\niWqYMfLgqPsprqH0pZ7dDeRFglloeUTNoyed6snsyHNtKwNX0aug6XztRHWU\/zOn\ni5ZO+H2ABev8uAnAOuf+9ypwQOFbka\/1B79ViNfxIPfRSXmIUf\/gGZscXTFPQa8+\nzJMuAwDjLFpTLAW9SbJf523qo\/JDlV46Fizl0wNY9rukcNYB7mdA\/yS0qVCilhnb\nqIgJyT3Pjy+m+M7AzQRoAQOnAQwA2FO1jNtCe6WEuKNY86ICJaYdZEni6YMkSlSb\nIOP1OGYtprvxpb7VY7jCbjXvzqPtW6b5EI4n7mrBgzJaNU4oXTxfFSRK6FHbI7XY\nj3ssTYi8Ytk+u+AAb\/voWhdExHMwIzEfUWZ7PW6WjvQDl9Ka2N0ZRisRAnBPNnZY\n3+3JlpPHH0IZsWoJLzddI\/vWa742jPYp7UjbNdUw8UG\/5hu3cAH4kvoghEHwIX4m\nqznSrQKB69FweaNALBZjMu\/Md2zG2Wi6eZBlM8pLAgCZm\/ZTjQl6uriGYP3+yLgq\nd44FZ1M\/tOX9Vl9nHrwACz2rMnYEnFHNwrczQjVaZd2CZ8o1GB3e+2nT97Kj2rgm\nTF6reZuoXQIWZNxF9Nq5RcY648bJgSG6YRZ1ix1Lo4+98PYA7vzGSJDCzGd8acit\nz49nsXN4jKKoCskc0zdmJqrs0k0CElPRs9QkT1dEtzrpYvYauILP9bvbHCNuAr1q\nPlAe1WQvB9njBmSHb\/PGXDNby+SRABEBAAHCwPwEGAEIACYWIQSzskoUnxJsrS6r\nB4rqIuI0FTubYAUCaAEDrAUJBaOagAIbDAAKCRDqIuI0FTubYKXaC\/9Ii+aCi2NF\nNbS6gcSC8oslPUDABhIxrkbNE7v1WFEqIygpZEUdnGhs0+eqB\/WQuP9ASvQRs6ls\nA9j4d\/EiTK1G0Y73+NLcfnxmPoI8o5K9RzJB8JoYbsP8FGg6tsRVZNloKrLUwgso\n2XZu1ogsfuCR8IiXZvIZVfSNiLdE3L17G+Rh5oKFn2jljD4ghRi+th8pzfB\/rjkc\njx5RjUItSZTtLV8XGGXGFCOAHg0+OA5Cubhxf9AO3+yhyX4Ur62tRIRTCMB3IS12\n67Wkjkb8sD\/5TZKxH1kHStsT97YzQO72dZ0cida1V2K4jLTVm7b8YpQRw9HXuROG\n4F49IcgL+WGuxhTi7MdHC+U4DbDlbRvNb3h\/7V6XokTG1678fs+C9qlMIV5DgWkC\nP5pl5G7+mt1aw5M0uPG1eDXJoIf6tpzZv5SBK0Q7DpIx+TA1gLeyj3eH3goMrmi5\n2EBrTqzrx4aq1DJSJOFHwqk\/lAnNDGokeEuVUN0BEJz7A0OAQJfSyYU=\n=XANq\n-----END PGP PUBLIC KEY BLOCK-----\n<\/code><\/pre>\n","protected":false},"excerpt":{"rendered":"<p>Postanschrift: (neu seit 01\/24)SubstAnZ \/ FrAZ e.V.Postfach 190349009 Osnabr\u00fcck Postanschrift f\u00fcr Pakete:Adresse auf Anfrag Telefon:Auf Anfrage Presseanfragen richten Sie bitte ausschlie\u00dflich an unsere Mailadresse E-Mail:&nbsp;kontakt[at]substanz-os.de PGP: siehe untenFingerprint: B3B2 4A14 9F12 6CAD 2EAB 078A EA22 E234 153B 9B60 Veranstaltungsanfragen werden nicht beantwortet! \/ Bitte sende eine Mail an:Booking requests will not be answered! Plese send &hellip; <\/p>\n<p class=\"link-more\"><a href=\"https:\/\/www.substanz-os.de\/?page_id=14\" class=\"more-link\"><span class=\"screen-reader-text\">\u201eKontakt\u201c<\/span> weiterlesen<\/a><\/p>\n","protected":false},"author":1,"featured_media":0,"parent":0,"menu_order":500,"comment_status":"closed","ping_status":"closed","template":"","meta":[],"post_mailing_queue_ids":[],"_links":{"self":[{"href":"https:\/\/www.substanz-os.de\/index.php?rest_route=\/wp\/v2\/pages\/14"}],"collection":[{"href":"https:\/\/www.substanz-os.de\/index.php?rest_route=\/wp\/v2\/pages"}],"about":[{"href":"https:\/\/www.substanz-os.de\/index.php?rest_route=\/wp\/v2\/types\/page"}],"author":[{"embeddable":true,"href":"https:\/\/www.substanz-os.de\/index.php?rest_route=\/wp\/v2\/users\/1"}],"replies":[{"embeddable":true,"href":"https:\/\/www.substanz-os.de\/index.php?rest_route=%2Fwp%2Fv2%2Fcomments&post=14"}],"version-history":[{"count":38,"href":"https:\/\/www.substanz-os.de\/index.php?rest_route=\/wp\/v2\/pages\/14\/revisions"}],"predecessor-version":[{"id":2658,"href":"https:\/\/www.substanz-os.de\/index.php?rest_route=\/wp\/v2\/pages\/14\/revisions\/2658"}],"wp:attachment":[{"href":"https:\/\/www.substanz-os.de\/index.php?rest_route=%2Fwp%2Fv2%2Fmedia&parent=14"}],"curies":[{"name":"wp","href":"https:\/\/api.w.org\/{rel}","templated":true}]}}