{"id":133,"date":"2018-09-15T10:42:31","date_gmt":"2018-09-15T08:42:31","guid":{"rendered":"http:\/\/2018.substanz-os.de\/?page_id=133"},"modified":"2022-08-24T11:05:29","modified_gmt":"2022-08-24T09:05:29","slug":"fuer-bands","status":"publish","type":"page","link":"https:\/\/www.substanz-os.de\/?page_id=133","title":{"rendered":"F\u00fcr Bands"},"content":{"rendered":"\n<p>F\u00fcr das Erstellen eines Veranstaltungsflyers findest du alles auf der Seite <a href=\"http:\/\/2018.substanz-os.de\/?page_id=129\">&#8222;f\u00fcr Veranstalter*innen&#8220;.<\/a><br><\/p>\n\n\n\n<p><strong>Ihr wollt mir eurer Band\/eurem DJ-Kollektiv\/&#8230; bei uns auftreten?<\/strong><br>Dann schickt bitte eure Veranstaltungsanfrage per Mail an <strong>events[at]substanz-os.de<\/strong>. Das ist der einzige Weg, auf dem wir sie ber\u00fccksichtigen k\u00f6nnen. Auch auf Facebook oder Insagram k\u00f6nnen wir leider KEINE Anfragen annehmen. <br>Da wir auch Mailaccounts lediglich nach Feierabend in unserer Freizeit bearbeiten k\u00f6nnen und wir mittlerweile sehr viele Anfragen bekommen, kann es eine ganze Weile dauern, bis ihr eine Antwort bekommt. Das k\u00f6nnen wir leider momentan nicht \u00e4ndern. Eine Nachricht per Facebook oder an eine andere Mailadresse hilft da leider auch nicht, da die Anfragen zentral bearbeitet werden m\u00fcssen, um die \u00dcbersicht zu behalten.<br>Solltet ihr aus Osnabr\u00fcck oder Umgebung kommen, besteht f\u00fcr euch auch die M\u00f6glichkeit, als Band selbst einen Konzertabend zu veranstalten. Dazu kommt am besten auf unserem Mittwochs-Plenum vorbei.<br><\/p>\n\n\n\n<p><strong>Backline und Technik<\/strong><br>Der Veranstaltungsraum ist mit einer Licht- und Tonanlage ausgestattet. An Backline haben wir ein bisschen was da, auch ein Schlagzeug ist vorhanden. <br>Bitte sprecht aber die genaue Ausstattung zum Zeitpunkt eurer Anfrage nochmal ab, da kann sich ja immer mal was \u00e4ndern. <br><\/p>\n\n\n\n<p><strong>Anfahrt und Parken<\/strong><br>Bei uns vor der T\u00fcr an der Stra\u00dfe gibt es kostenlose Parkpl\u00e4tze, die vor allem am sp\u00e4ten Nachmittag\/Abend meist genug Parkm\u00f6glichkeiten bieten. Genauere Absprachen k\u00f6nnen an dem Abend getroffen werden. <br><br>Das SubstAnZ befindet sich im Ortsteil Fledder. Osnabr\u00fcck ist eine riesige Umweltzone, welche nur mit einer gr\u00fcnen Plakette durchquert werden darf. Das SubstAnZ liegt aber in einer ausgenommenen Zone und ist frei. Allerdings solltet Ihr bei der Anfahrt darauf achten, sofern Ihr keine Plakette habt. Dann empfehlen wir Euch die Anfahrt aus dem Osten (BAB 33 Abfahrt Fledder).<br><\/p>\n\n\n\n<p><strong>Fotos oder Filmaufnahmen<\/strong><br>Fotos und Filmaufnahmen zur Dokumentation f\u00fcr Bands sind bei uns m\u00f6glich, allerdings nur nach Absprache mit dem*der Veranstalter*in. Grunds\u00e4tzlich sind Fotos und Filmaufnahmen bei uns nicht erw\u00fcnscht, weil sonst nicht garantiert werden kann, dass niemand auf den Fotos ist, der*die das nicht m\u00f6chte. Aber nat\u00fcrlich k\u00f6nnt ihr als Band ein paar Fotos von der Tour und dem Gig bei uns mit nach Hause nehmen. \ud83d\ude09<br><\/p>\n","protected":false},"excerpt":{"rendered":"<p>F\u00fcr das Erstellen eines Veranstaltungsflyers findest du alles auf der Seite &#8222;f\u00fcr Veranstalter*innen&#8220;. Ihr wollt mir eurer Band\/eurem DJ-Kollektiv\/&#8230; bei uns auftreten?Dann schickt bitte eure Veranstaltungsanfrage per Mail an events[at]substanz-os.de. Das ist der einzige Weg, auf dem wir sie ber\u00fccksichtigen k\u00f6nnen. Auch auf Facebook oder Insagram k\u00f6nnen wir leider KEINE Anfragen annehmen. Da wir auch &hellip; <\/p>\n<p class=\"link-more\"><a href=\"https:\/\/www.substanz-os.de\/?page_id=133\" class=\"more-link\"><span class=\"screen-reader-text\">\u201eF\u00fcr Bands\u201c<\/span> weiterlesen<\/a><\/p>\n","protected":false},"author":1,"featured_media":0,"parent":0,"menu_order":0,"comment_status":"closed","ping_status":"closed","template":"","meta":[],"post_mailing_queue_ids":[],"_links":{"self":[{"href":"https:\/\/www.substanz-os.de\/index.php?rest_route=\/wp\/v2\/pages\/133"}],"collection":[{"href":"https:\/\/www.substanz-os.de\/index.php?rest_route=\/wp\/v2\/pages"}],"about":[{"href":"https:\/\/www.substanz-os.de\/index.php?rest_route=\/wp\/v2\/types\/page"}],"author":[{"embeddable":true,"href":"https:\/\/www.substanz-os.de\/index.php?rest_route=\/wp\/v2\/users\/1"}],"replies":[{"embeddable":true,"href":"https:\/\/www.substanz-os.de\/index.php?rest_route=%2Fwp%2Fv2%2Fcomments&post=133"}],"version-history":[{"count":11,"href":"https:\/\/www.substanz-os.de\/index.php?rest_route=\/wp\/v2\/pages\/133\/revisions"}],"predecessor-version":[{"id":1323,"href":"https:\/\/www.substanz-os.de\/index.php?rest_route=\/wp\/v2\/pages\/133\/revisions\/1323"}],"wp:attachment":[{"href":"https:\/\/www.substanz-os.de\/index.php?rest_route=%2Fwp%2Fv2%2Fmedia&parent=133"}],"curies":[{"name":"wp","href":"https:\/\/api.w.org\/{rel}","templated":true}]}}