{"id":129,"date":"2018-09-15T10:41:04","date_gmt":"2018-09-15T08:41:04","guid":{"rendered":"http:\/\/2018.substanz-os.de\/?page_id=129"},"modified":"2020-01-16T17:51:40","modified_gmt":"2020-01-16T16:51:40","slug":"fuer-veranstalterinnen","status":"publish","type":"page","link":"https:\/\/www.substanz-os.de\/?page_id=129","title":{"rendered":"F\u00fcr Veranstalter*innen"},"content":{"rendered":"\n<ul><li><strong>Logos:\u00a0<br><\/strong>F\u00fcr alle Flyer, die Veranstaltungen bei uns im Haus bewerben, m\u00fcssen ein paar Bedingungen eingehalten werden.<ol><li>Das SubstAnZ-Logo muss enthalten sein. Es ist <a href=\"http:\/\/2018.substanz-os.de\/wp-content\/uploads\/2018\/10\/substanz_logo.png\">hier<\/a> zu finden. Der &#8222;No-&#8230;.&#8220;- Button mit unseren Grunds\u00e4tzen muss ebenfalls gut sichtbar auf dem Flyer platziert werden. Er steht hier mit <a href=\"http:\/\/2018.substanz-os.de\/wp-content\/uploads\/2018\/10\/no_black-1.png\">schwarzer<\/a> und <a href=\"http:\/\/2018.substanz-os.de\/wp-content\/uploads\/2018\/10\/no_white-1.png\">wei\u00dfer<\/a> Schrift zum Download bereit. Die gleiche Aussage mit Hand findet sich hier in  <a href=\"http:\/\/2018.substanz-os.de\/wp-content\/uploads\/2020\/01\/nono-neu-blk.png\">schwarzer <\/a>und <a href=\"http:\/\/2018.substanz-os.de\/wp-content\/uploads\/2020\/01\/nono-neu-wht.png\">wei\u00dfer<\/a> Ausf\u00fchrung.<br>Eine andere Form des Buttons ist ebenfalls <a href=\"http:\/\/2018.substanz-os.de\/wp-content\/uploads\/2018\/10\/noPlace_black_new-3.png\">hier<\/a> zu finden.<\/li><li>Des Weiteren muss ein Hinweis auf dem Flyer zu finden sein, dass es sich um eine Vereinsveranstaltung handelt. Also ein Vermerk &#8222;Vereinsveranstaltung &#8211; Neue Gesichter willkommen&#8220; oder \u00e4hnliches.<\/li><\/ol><\/li><li>Es gibt eine Handreichung f\u00fcr externe Veranstalter*innen, damit ihr nachlesen k\u00f6nnt, wie das bei uns so l\u00e4uft und was auf euch zukommt, wenn ihr bei uns eine Veranstaltung (Konzert\/Party) machen wollt. Diesen Leitfaden k\u00f6nnt ihr bekommen, wenn ihr bei unserem Mittwochs-Plenum vorbeikommt. Dort stehen euch ebenfalls Menschen zur Seite, die euch alle Fragen beantworten, die noch so aufgetaucht sind. <br><\/li><\/ul>\n\n\n\n<p><strong>Kann ich das SubstAnZ mieten?<\/strong><br>Die Nutzer*innen des SubstAnZ haben auf dem Hausplenum beschlossen, dass das SubstAnZ nicht vermietet wird. Das bedeutet, f\u00fcr private Anl\u00e4sse und gegen Geld werden unserer R\u00e4umlichkeiten nicht zur Verf\u00fcgung gestellt. Solltest du allerdings eine Idee f\u00fcr eine sch\u00f6ne Party oder ein anderes interessantes Projekt haben, dann meld dich gerne bei uns. Wenn f\u00fcr das Plenum nichts dagegen spricht, dann finden wir bestimmt einen Weg, deine Idee bei uns zu verwirklichen. <br><\/p>\n","protected":false},"excerpt":{"rendered":"<p>Logos:\u00a0F\u00fcr alle Flyer, die Veranstaltungen bei uns im Haus bewerben, m\u00fcssen ein paar Bedingungen eingehalten werden. Das SubstAnZ-Logo muss enthalten sein. Es ist hier zu finden. Der &#8222;No-&#8230;.&#8220;- Button mit unseren Grunds\u00e4tzen muss ebenfalls gut sichtbar auf dem Flyer platziert werden. Er steht hier mit schwarzer und wei\u00dfer Schrift zum Download bereit. Die gleiche Aussage &hellip; <\/p>\n<p class=\"link-more\"><a href=\"https:\/\/www.substanz-os.de\/?page_id=129\" class=\"more-link\"><span class=\"screen-reader-text\">\u201eF\u00fcr Veranstalter*innen\u201c<\/span> weiterlesen<\/a><\/p>\n","protected":false},"author":1,"featured_media":0,"parent":0,"menu_order":0,"comment_status":"closed","ping_status":"closed","template":"","meta":[],"post_mailing_queue_ids":[],"_links":{"self":[{"href":"https:\/\/www.substanz-os.de\/index.php?rest_route=\/wp\/v2\/pages\/129"}],"collection":[{"href":"https:\/\/www.substanz-os.de\/index.php?rest_route=\/wp\/v2\/pages"}],"about":[{"href":"https:\/\/www.substanz-os.de\/index.php?rest_route=\/wp\/v2\/types\/page"}],"author":[{"embeddable":true,"href":"https:\/\/www.substanz-os.de\/index.php?rest_route=\/wp\/v2\/users\/1"}],"replies":[{"embeddable":true,"href":"https:\/\/www.substanz-os.de\/index.php?rest_route=%2Fwp%2Fv2%2Fcomments&post=129"}],"version-history":[{"count":15,"href":"https:\/\/www.substanz-os.de\/index.php?rest_route=\/wp\/v2\/pages\/129\/revisions"}],"predecessor-version":[{"id":828,"href":"https:\/\/www.substanz-os.de\/index.php?rest_route=\/wp\/v2\/pages\/129\/revisions\/828"}],"wp:attachment":[{"href":"https:\/\/www.substanz-os.de\/index.php?rest_route=%2Fwp%2Fv2%2Fmedia&parent=129"}],"curies":[{"name":"wp","href":"https:\/\/api.w.org\/{rel}","templated":true}]}}