{"id":12,"date":"2018-07-23T12:59:14","date_gmt":"2018-07-23T10:59:14","guid":{"rendered":"http:\/\/2018.substanz-os.de\/?page_id=12"},"modified":"2024-07-06T10:36:10","modified_gmt":"2024-07-06T08:36:10","slug":"traegerverein","status":"publish","type":"page","link":"https:\/\/www.substanz-os.de\/?page_id=12","title":{"rendered":"Tr\u00e4gerverein"},"content":{"rendered":"\n<p><strong>Der FrAZ e.V.<\/strong><\/p>\n\n\n\n<p>Der Tr\u00e4gerverein f\u00fcr das selbstverwaltete Zentrum SubstAnZ in \nOsnabr\u00fcck ist der FrAZ e.V. (Freundeskreis f\u00fcr ein selbstverwaltetes \nZentrum, Bildung und Kultur). Der FrAZ e.V. ist ein gemeinn\u00fctziger \nVerein und anerkannter Tr\u00e4ger der Kinder- und Jugendhilfe und Mitglied \nin der Bundes-Arbeitsgemeinschaft \u201coffene Kinder- und \nJugendeinrichtungen e.V.\u201d Der FrAZ e.V. t\u00e4tigt juristisch die Belange \ndes SubstAnZ und wird vertreten durch den Vorstand.<\/p>\n\n\n\n<p>Zur Zeit hat der FrAZ fast 300 Mitglieder aus der ganzen Welt.<\/p>\n\n\n\n<p> Die Sprecher*innen (Vorstand) des Tr\u00e4gervereins haben keine besondere  Rolle oder Rechte innerhalb des SubstAnZ. Sie sind Nutzer*innen wie  jeder andere Mensch auch. Auch haben sie keinen Einfluss auf die  Inhalte der Veranstaltungen innerhalb des SubstAnZ &#8211; Alles geschieht  eigenverantwortlich durch die ausrichtenden Veranstalter*innen.  <\/p>\n\n\n\n<ul>\n<li> <a href=\"http:\/\/2018.substanz-os.de\/?page_id=24\">Werde Mitglied im FrAZ e.V.<\/a><\/li>\n\n\n\n<li><a href=\"http:\/\/2018.substanz-os.de\/?page_id=26\">Satzung<\/a><\/li>\n\n\n\n<li><a href=\"http:\/\/2018.substanz-os.de\/?page_id=713\">Spenden f\u00fcrs SubstAnZ<\/a><\/li>\n<\/ul>\n\n\n\n<div style=\"height:100px\" aria-hidden=\"true\" class=\"wp-block-spacer\"><\/div>\n\n\n\n<figure class=\"wp-block-image\"><a href=\"https:\/\/www.vnb.de\/\" target=\"_blank\" rel=\"noreferrer noopener\"><img decoding=\"async\" loading=\"lazy\" width=\"340\" height=\"135\" src=\"http:\/\/2018.substanz-os.de\/wp-content\/uploads\/2020\/01\/vnb-brand-retina.png\" alt=\"VNB\" class=\"wp-image-762\" srcset=\"https:\/\/www.substanz-os.de\/wp-content\/uploads\/2020\/01\/vnb-brand-retina.png 340w, https:\/\/www.substanz-os.de\/wp-content\/uploads\/2020\/01\/vnb-brand-retina-300x119.png 300w\" sizes=\"(max-width: 340px) 100vw, 340px\" \/><\/a><figcaption class=\"wp-element-caption\">unser Bildungspartner<\/figcaption><\/figure>\n\n\n\n<hr class=\"wp-block-separator has-css-opacity is-style-dots\"\/>\n\n\n\n<figure class=\"wp-block-image size-large\"><a href=\"https:\/\/kukuk.de\/\"><img decoding=\"async\" loading=\"lazy\" width=\"1024\" height=\"363\" src=\"http:\/\/2018.substanz-os.de\/wp-content\/uploads\/2020\/01\/kaos_logo_1_nebeneinander-e1456235793552-1024x363.png\" alt=\"KUKUK\" class=\"wp-image-768\" srcset=\"https:\/\/www.substanz-os.de\/wp-content\/uploads\/2020\/01\/kaos_logo_1_nebeneinander-e1456235793552-1024x363.png 1024w, https:\/\/www.substanz-os.de\/wp-content\/uploads\/2020\/01\/kaos_logo_1_nebeneinander-e1456235793552-300x106.png 300w, https:\/\/www.substanz-os.de\/wp-content\/uploads\/2020\/01\/kaos_logo_1_nebeneinander-e1456235793552-768x272.png 768w, https:\/\/www.substanz-os.de\/wp-content\/uploads\/2020\/01\/kaos_logo_1_nebeneinander-e1456235793552.png 1902w\" sizes=\"(max-width: 767px) 89vw, (max-width: 1000px) 54vw, (max-width: 1071px) 543px, 580px\" \/><\/a><figcaption class=\"wp-element-caption\">unser Kulturpartner<\/figcaption><\/figure>\n","protected":false},"excerpt":{"rendered":"<p>Der FrAZ e.V. Der Tr\u00e4gerverein f\u00fcr das selbstverwaltete Zentrum SubstAnZ in Osnabr\u00fcck ist der FrAZ e.V. (Freundeskreis f\u00fcr ein selbstverwaltetes Zentrum, Bildung und Kultur). Der FrAZ e.V. ist ein gemeinn\u00fctziger Verein und anerkannter Tr\u00e4ger der Kinder- und Jugendhilfe und Mitglied in der Bundes-Arbeitsgemeinschaft \u201coffene Kinder- und Jugendeinrichtungen e.V.\u201d Der FrAZ e.V. t\u00e4tigt juristisch die Belange &hellip; <\/p>\n<p class=\"link-more\"><a href=\"https:\/\/www.substanz-os.de\/?page_id=12\" class=\"more-link\"><span class=\"screen-reader-text\">\u201eTr\u00e4gerverein\u201c<\/span> weiterlesen<\/a><\/p>\n","protected":false},"author":1,"featured_media":0,"parent":0,"menu_order":400,"comment_status":"closed","ping_status":"closed","template":"","meta":[],"post_mailing_queue_ids":[],"_links":{"self":[{"href":"https:\/\/www.substanz-os.de\/index.php?rest_route=\/wp\/v2\/pages\/12"}],"collection":[{"href":"https:\/\/www.substanz-os.de\/index.php?rest_route=\/wp\/v2\/pages"}],"about":[{"href":"https:\/\/www.substanz-os.de\/index.php?rest_route=\/wp\/v2\/types\/page"}],"author":[{"embeddable":true,"href":"https:\/\/www.substanz-os.de\/index.php?rest_route=\/wp\/v2\/users\/1"}],"replies":[{"embeddable":true,"href":"https:\/\/www.substanz-os.de\/index.php?rest_route=%2Fwp%2Fv2%2Fcomments&post=12"}],"version-history":[{"count":31,"href":"https:\/\/www.substanz-os.de\/index.php?rest_route=\/wp\/v2\/pages\/12\/revisions"}],"predecessor-version":[{"id":2405,"href":"https:\/\/www.substanz-os.de\/index.php?rest_route=\/wp\/v2\/pages\/12\/revisions\/2405"}],"wp:attachment":[{"href":"https:\/\/www.substanz-os.de\/index.php?rest_route=%2Fwp%2Fv2%2Fmedia&parent=12"}],"curies":[{"name":"wp","href":"https:\/\/api.w.org\/{rel}","templated":true}]}}